{"id":56,"date":"2025-03-31T13:59:59","date_gmt":"2025-03-31T11:59:59","guid":{"rendered":"https:\/\/www.levandulafest.sk\/?page_id=56"},"modified":"2026-04-02T18:02:28","modified_gmt":"2026-04-02T16:02:28","slug":"vstupenky","status":"publish","type":"page","link":"https:\/\/www.levandulafest.sk\/vstupenky\/","title":{"rendered":"Vstupenky"},"content":{"rendered":"\n<p class=\"has-text-align-center has-large-font-size\" style=\"line-height:1.6\">U\u017e si m\u00f4\u017ee\u0161 k\u00fapi\u0165 v\u00fdhodn\u00fd v\u00edkendov\u00fd l\u00edstok. Predpredaj pr\u00e1ve za\u010dal!<\/p>\n\n\n\n<p class=\"has-text-align-center has-large-font-size\" style=\"line-height:1.6\">\u2192 <a href=\"https:\/\/www.ticketlive.sk\/sk\/event\/levandula-fest-2026\" data-type=\"link\" data-id=\"https:\/\/www.ticketlive.sk\/sk\/event\/levandula-fest-2026\" target=\"_blank\" rel=\"noopener\">TICKETLIVE <\/a>\u2190<\/p>\n\n\n\n<p class=\"has-text-align-center\">U\u017e teraz si m\u00f4\u017ee\u0161 k\u00fapi\u0165 v\u00fdhodn\u00fd v\u00edkendov\u00fd l\u00edstok. Predpredaj pr\u00e1ve za\u010dal!<\/p>\n\n\n\n<figure class=\"wp-block-image size-large\"><img loading=\"lazy\" decoding=\"async\" width=\"1024\" height=\"1024\" src=\"https:\/\/www.levandulafest.sk\/wp-content\/uploads\/2026\/04\/TicketLive_1080x1080px_Levandula26-002-1024x1024.jpg\" alt=\"\" class=\"wp-image-549\" srcset=\"https:\/\/www.levandulafest.sk\/wp-content\/uploads\/2026\/04\/TicketLive_1080x1080px_Levandula26-002-1024x1024.jpg 1024w, https:\/\/www.levandulafest.sk\/wp-content\/uploads\/2026\/04\/TicketLive_1080x1080px_Levandula26-002-300x300.jpg 300w, https:\/\/www.levandulafest.sk\/wp-content\/uploads\/2026\/04\/TicketLive_1080x1080px_Levandula26-002-100x100.jpg 100w, https:\/\/www.levandulafest.sk\/wp-content\/uploads\/2026\/04\/TicketLive_1080x1080px_Levandula26-002-600x600.jpg 600w, https:\/\/www.levandulafest.sk\/wp-content\/uploads\/2026\/04\/TicketLive_1080x1080px_Levandula26-002-150x150.jpg 150w, https:\/\/www.levandulafest.sk\/wp-content\/uploads\/2026\/04\/TicketLive_1080x1080px_Levandula26-002-768x768.jpg 768w, https:\/\/www.levandulafest.sk\/wp-content\/uploads\/2026\/04\/TicketLive_1080x1080px_Levandula26-002-270x270.jpg 270w, https:\/\/www.levandulafest.sk\/wp-content\/uploads\/2026\/04\/TicketLive_1080x1080px_Levandula26-002-230x230.jpg 230w, https:\/\/www.levandulafest.sk\/wp-content\/uploads\/2026\/04\/TicketLive_1080x1080px_Levandula26-002.jpg 1080w\" sizes=\"auto, (max-width: 1024px) 100vw, 1024px\" \/><\/figure>\n","protected":false},"excerpt":{"rendered":"<p>U\u017e si m\u00f4\u017ee\u0161 k\u00fapi\u0165 v\u00fdhodn\u00fd v\u00edkendov\u00fd l\u00edstok. Predpredaj pr\u00e1ve za\u010dal! \u2192 TICKETLIVE \u2190 U\u017e teraz si m\u00f4\u017ee\u0161 k\u00fapi\u0165 v\u00fdhodn\u00fd v\u00edkendov\u00fd l\u00edstok. Predpredaj pr\u00e1ve za\u010dal!<\/p>\n","protected":false},"author":1,"featured_media":0,"parent":0,"menu_order":0,"comment_status":"closed","ping_status":"closed","template":"","meta":{"footnotes":""},"class_list":["post-56","page","type-page","status-publish","hentry"],"_links":{"self":[{"href":"https:\/\/www.levandulafest.sk\/wp-json\/wp\/v2\/pages\/56","targetHints":{"allow":["GET"]}}],"collection":[{"href":"https:\/\/www.levandulafest.sk\/wp-json\/wp\/v2\/pages"}],"about":[{"href":"https:\/\/www.levandulafest.sk\/wp-json\/wp\/v2\/types\/page"}],"author":[{"embeddable":true,"href":"https:\/\/www.levandulafest.sk\/wp-json\/wp\/v2\/users\/1"}],"replies":[{"embeddable":true,"href":"https:\/\/www.levandulafest.sk\/wp-json\/wp\/v2\/comments?post=56"}],"version-history":[{"count":15,"href":"https:\/\/www.levandulafest.sk\/wp-json\/wp\/v2\/pages\/56\/revisions"}],"predecessor-version":[{"id":551,"href":"https:\/\/www.levandulafest.sk\/wp-json\/wp\/v2\/pages\/56\/revisions\/551"}],"wp:attachment":[{"href":"https:\/\/www.levandulafest.sk\/wp-json\/wp\/v2\/media?parent=56"}],"curies":[{"name":"wp","href":"https:\/\/api.w.org\/{rel}","templated":true}]}}